{"id":1358,"date":"2021-03-10T12:51:32","date_gmt":"2021-03-10T11:51:32","guid":{"rendered":"http:\/\/spinkiewicz.com\/?page_id=1358"},"modified":"2025-06-16T11:05:14","modified_gmt":"2025-06-16T09:05:14","slug":"o-mnie","status":"publish","type":"page","link":"https:\/\/spinkiewicz.com\/en\/o-mnie\/","title":{"rendered":"O mnie \/ About me"},"content":{"rendered":"<div class=\"wp-block-media-text alignwide is-stacked-on-mobile is-vertically-aligned-top\" style=\"grid-template-columns:34% auto\"><figure class=\"wp-block-media-text__media\"><img loading=\"lazy\" decoding=\"async\" width=\"640\" height=\"740\" data-attachment-id=\"1252\" data-permalink=\"https:\/\/spinkiewicz.com\/en\/jerz-2\/\" data-orig-file=\"https:\/\/spinkiewicz.com\/wp-content\/uploads\/2021\/03\/jerz.png\" data-orig-size=\"640,740\" data-comments-opened=\"0\" data-image-meta=\"{&quot;aperture&quot;:&quot;0&quot;,&quot;credit&quot;:&quot;&quot;,&quot;camera&quot;:&quot;&quot;,&quot;caption&quot;:&quot;&quot;,&quot;created_timestamp&quot;:&quot;0&quot;,&quot;copyright&quot;:&quot;&quot;,&quot;focal_length&quot;:&quot;0&quot;,&quot;iso&quot;:&quot;0&quot;,&quot;shutter_speed&quot;:&quot;0&quot;,&quot;title&quot;:&quot;&quot;,&quot;orientation&quot;:&quot;0&quot;}\" data-image-title=\"jerz\" data-image-description=\"\" data-image-caption=\"&lt;p&gt;ghjg&lt;\/p&gt;\n\" data-large-file=\"https:\/\/spinkiewicz.com\/wp-content\/uploads\/2021\/03\/jerz.png\" src=\"http:\/\/spinkiewicz.com\/wp-content\/uploads\/2021\/03\/jerz.png\" alt=\"\" class=\"wp-image-1252 size-full\" srcset=\"https:\/\/spinkiewicz.com\/wp-content\/uploads\/2021\/03\/jerz.png 640w, https:\/\/spinkiewicz.com\/wp-content\/uploads\/2021\/03\/jerz-259x300.png 259w\" sizes=\"auto, (max-width: 640px) 100vw, 640px\" \/><\/figure><div class=\"wp-block-media-text__content\">\n<h4 class=\"wp-block-heading\">My name is Jerzy Spinkiewicz and I am a racing driver.<\/h4>\n\n\n\n<p>My motorsport career started with rental karting. When i was 8, at Kart Arena Sergiusz Lisowski was teaching me basics about kart racing. And then I became driver at team UNIQ Racing. I drived my first tests and races on Praga chassis and then switched to Tony Kart. Following categories: Mini, Junior i Senior and different series: Rotax Max, IAME X 30 and recently OK.<\/p>\n\n\n\n<p>I have few succes in my country and abroad. <\/p>\n\n\n\n<p>Piotr and Karol D\u0105bski, have been watching over my carrer and development as a sport driver from the very beginning. And Szymon who has been my mechanic since the beginning has become like a brother for me.<\/p>\n\n\n\n<p>I am an experienced racing driver with a rich background in motorsport \u2013 from karting, through Clio Cup, all the way to Lamborghini Super Trofeo.<\/p>\n\n\n\n<h4 class=\"wp-block-heading\">I offer professional racing coaching:<\/h4>\n\n\n\n<p>Individual approach \u2013 training sessions adapted to the driver\u2019s skill level and goals.<\/p>\n\n\n\n<p>Data and onboard video analysis \u2013 working with telemetry, correcting driving techniques.<\/p>\n\n\n\n<p>Opportunity to drive your own car or use UNIQ Racing equipment \u2013 professionally prepared cars available upon request.<\/p>\n\n\n\n<p>Training on tracks in Poland and abroad.<\/p>\n\n\n\n<p>If you\u2019re interested in working together or have any questions \u2013 feel free to <a href=\"\/en\/#contact\" rel=\"nofollow\">contact me<\/a>. \u00a0<\/p>\n<\/div><\/div>","protected":false},"excerpt":{"rendered":"<p>My name is Jerzy Spinkiewicz and I am a racing driver. My motorsport career started with rental karting. When i was 8, at Kart Arena Sergiusz Lisowski was teaching me basics about kart racing. And then I became driver at team UNIQ Racing. I drived my first tests and races&#8230;<\/p>\n","protected":false},"author":1,"featured_media":0,"parent":0,"menu_order":0,"comment_status":"closed","ping_status":"closed","template":"templates\/full-width-page.php","meta":{"footnotes":""},"class_list":["post-1358","page","type-page","status-publish","hentry"],"yoast_head":"<!-- This site is optimized with the Yoast SEO plugin v27.5 - https:\/\/yoast.com\/product\/yoast-seo-wordpress\/ -->\n<title>O mnie \/ About me - Jerzy Spinkiewicz<\/title>\n<meta name=\"description\" content=\"Nazywam si\u0119 Jerzy Spinkiewicz i jestem kierowc\u0105 wy\u015bcigowym. Jestem zawodnikiem UNIQ Racing.\" \/>\n<meta name=\"robots\" content=\"index, follow, max-snippet:-1, max-image-preview:large, max-video-preview:-1\" \/>\n<link rel=\"canonical\" href=\"https:\/\/spinkiewicz.com\/en\/o-mnie\/\" \/>\n<meta property=\"og:locale\" content=\"en_US\" \/>\n<meta property=\"og:type\" content=\"article\" \/>\n<meta property=\"og:title\" content=\"O mnie \/ About me - Jerzy Spinkiewicz\" \/>\n<meta property=\"og:description\" content=\"Nazywam si\u0119 Jerzy Spinkiewicz i jestem kierowc\u0105 wy\u015bcigowym. Jestem zawodnikiem UNIQ Racing.\" \/>\n<meta property=\"og:url\" content=\"https:\/\/spinkiewicz.com\/en\/o-mnie\/\" \/>\n<meta property=\"og:site_name\" content=\"Jerzy Spinkiewicz\" \/>\n<meta property=\"article:publisher\" content=\"https:\/\/www.facebook.com\/n3ko666\/\" \/>\n<meta property=\"article:modified_time\" content=\"2025-06-16T09:05:14+00:00\" \/>\n<meta property=\"og:image\" content=\"https:\/\/spinkiewicz.com\/wp-content\/uploads\/2021\/03\/jerz.png\" \/>\n\t<meta property=\"og:image:width\" content=\"640\" \/>\n\t<meta property=\"og:image:height\" content=\"740\" \/>\n\t<meta property=\"og:image:type\" content=\"image\/png\" \/>\n<meta name=\"twitter:card\" content=\"summary_large_image\" \/>\n<meta name=\"twitter:label1\" content=\"Est. reading time\" \/>\n\t<meta name=\"twitter:data1\" content=\"1 minute\" \/>\n<script type=\"application\/ld+json\" class=\"yoast-schema-graph\">{\"@context\":\"https:\\\/\\\/schema.org\",\"@graph\":[{\"@type\":\"WebPage\",\"@id\":\"https:\\\/\\\/spinkiewicz.com\\\/en\\\/o-mnie\\\/\",\"url\":\"https:\\\/\\\/spinkiewicz.com\\\/en\\\/o-mnie\\\/\",\"name\":\"O mnie \\\/ About me - Jerzy Spinkiewicz\",\"isPartOf\":{\"@id\":\"https:\\\/\\\/spinkiewicz.com\\\/en\\\/#website\"},\"primaryImageOfPage\":{\"@id\":\"https:\\\/\\\/spinkiewicz.com\\\/en\\\/o-mnie\\\/#primaryimage\"},\"image\":{\"@id\":\"https:\\\/\\\/spinkiewicz.com\\\/o-mnie\\\/#primaryimage\"},\"thumbnailUrl\":\"http:\\\/\\\/spinkiewicz.com\\\/wp-content\\\/uploads\\\/2021\\\/03\\\/jerz.png\",\"datePublished\":\"2021-03-10T11:51:32+00:00\",\"dateModified\":\"2025-06-16T09:05:14+00:00\",\"description\":\"Nazywam si\u0119 Jerzy Spinkiewicz i jestem kierowc\u0105 wy\u015bcigowym. Jestem zawodnikiem UNIQ Racing.\",\"breadcrumb\":{\"@id\":\"https:\\\/\\\/spinkiewicz.com\\\/en\\\/o-mnie\\\/#breadcrumb\"},\"inLanguage\":\"en-US\",\"potentialAction\":[{\"@type\":\"ReadAction\",\"target\":[[\"https:\\\/\\\/spinkiewicz.com\\\/en\\\/o-mnie\\\/\"]]}]},{\"@type\":\"ImageObject\",\"inLanguage\":\"en-US\",\"@id\":\"https:\\\/\\\/spinkiewicz.com\\\/en\\\/o-mnie\\\/#primaryimage\",\"url\":\"http:\\\/\\\/spinkiewicz.com\\\/wp-content\\\/uploads\\\/2021\\\/03\\\/jerz.png\",\"contentUrl\":\"http:\\\/\\\/spinkiewicz.com\\\/wp-content\\\/uploads\\\/2021\\\/03\\\/jerz.png\"},{\"@type\":\"BreadcrumbList\",\"@id\":\"https:\\\/\\\/spinkiewicz.com\\\/en\\\/o-mnie\\\/#breadcrumb\",\"itemListElement\":[{\"@type\":\"ListItem\",\"position\":1,\"name\":\"Strona g\u0142\u00f3wna\",\"item\":\"https:\\\/\\\/spinkiewicz.com\\\/en\\\/\"},{\"@type\":\"ListItem\",\"position\":2,\"name\":\"O mnie \\\/ About me\"}]},{\"@type\":\"WebSite\",\"@id\":\"https:\\\/\\\/spinkiewicz.com\\\/en\\\/#website\",\"url\":\"https:\\\/\\\/spinkiewicz.com\\\/en\\\/\",\"name\":\"Jerzy Spinkiewicz\",\"description\":\"Driver in team Uniq Racing.\",\"publisher\":{\"@id\":\"https:\\\/\\\/spinkiewicz.com\\\/en\\\/#\\\/schema\\\/person\\\/58d992a42f916fc4b0825a2b545f7406\"},\"potentialAction\":[{\"@type\":\"SearchAction\",\"target\":{\"@type\":\"EntryPoint\",\"urlTemplate\":\"https:\\\/\\\/spinkiewicz.com\\\/en\\\/?s={search_term_string}\"},\"query-input\":{\"@type\":\"PropertyValueSpecification\",\"valueRequired\":true,\"valueName\":\"search_term_string\"}}],\"inLanguage\":\"en-US\"},{\"@type\":[\"Person\",\"Organization\"],\"@id\":\"https:\\\/\\\/spinkiewicz.com\\\/en\\\/#\\\/schema\\\/person\\\/58d992a42f916fc4b0825a2b545f7406\",\"name\":\"jerzy\",\"image\":{\"@type\":\"ImageObject\",\"inLanguage\":\"en-US\",\"@id\":\"https:\\\/\\\/spinkiewicz.com\\\/wp-content\\\/uploads\\\/2024\\\/02\\\/2024-jerzyb.jpg\",\"url\":\"https:\\\/\\\/spinkiewicz.com\\\/wp-content\\\/uploads\\\/2024\\\/02\\\/2024-jerzyb.jpg\",\"contentUrl\":\"https:\\\/\\\/spinkiewicz.com\\\/wp-content\\\/uploads\\\/2024\\\/02\\\/2024-jerzyb.jpg\",\"width\":1920,\"height\":1440,\"caption\":\"jerzy\"},\"logo\":{\"@id\":\"https:\\\/\\\/spinkiewicz.com\\\/wp-content\\\/uploads\\\/2024\\\/02\\\/2024-jerzyb.jpg\"},\"sameAs\":[\"https:\\\/\\\/spinkiewicz.com\",\"https:\\\/\\\/www.facebook.com\\\/n3ko666\\\/\",\"https:\\\/\\\/www.instagram.com\\\/j.spinkiewicz\\\/\",\"https:\\\/\\\/www.youtube.com\\\/channel\\\/UCdEcZy7_gccWBXRjupakxag\\\/featured\"]}]}<\/script>\n<!-- \/ Yoast SEO plugin. -->","yoast_head_json":{"title":"O mnie \/ About me - Jerzy Spinkiewicz","description":"Nazywam si\u0119 Jerzy Spinkiewicz i jestem kierowc\u0105 wy\u015bcigowym. Jestem zawodnikiem UNIQ Racing.","robots":{"index":"index","follow":"follow","max-snippet":"max-snippet:-1","max-image-preview":"max-image-preview:large","max-video-preview":"max-video-preview:-1"},"canonical":"https:\/\/spinkiewicz.com\/en\/o-mnie\/","og_locale":"en_US","og_type":"article","og_title":"O mnie \/ About me - Jerzy Spinkiewicz","og_description":"Nazywam si\u0119 Jerzy Spinkiewicz i jestem kierowc\u0105 wy\u015bcigowym. Jestem zawodnikiem UNIQ Racing.","og_url":"https:\/\/spinkiewicz.com\/en\/o-mnie\/","og_site_name":"Jerzy Spinkiewicz","article_publisher":"https:\/\/www.facebook.com\/n3ko666\/","article_modified_time":"2025-06-16T09:05:14+00:00","og_image":[{"width":640,"height":740,"url":"https:\/\/spinkiewicz.com\/wp-content\/uploads\/2021\/03\/jerz.png","type":"image\/png"}],"twitter_card":"summary_large_image","twitter_misc":{"Est. reading time":"1 minute"},"schema":{"@context":"https:\/\/schema.org","@graph":[{"@type":"WebPage","@id":"https:\/\/spinkiewicz.com\/en\/o-mnie\/","url":"https:\/\/spinkiewicz.com\/en\/o-mnie\/","name":"O mnie \/ About me - Jerzy Spinkiewicz","isPartOf":{"@id":"https:\/\/spinkiewicz.com\/en\/#website"},"primaryImageOfPage":{"@id":"https:\/\/spinkiewicz.com\/en\/o-mnie\/#primaryimage"},"image":{"@id":"https:\/\/spinkiewicz.com\/o-mnie\/#primaryimage"},"thumbnailUrl":"http:\/\/spinkiewicz.com\/wp-content\/uploads\/2021\/03\/jerz.png","datePublished":"2021-03-10T11:51:32+00:00","dateModified":"2025-06-16T09:05:14+00:00","description":"Nazywam si\u0119 Jerzy Spinkiewicz i jestem kierowc\u0105 wy\u015bcigowym. Jestem zawodnikiem UNIQ Racing.","breadcrumb":{"@id":"https:\/\/spinkiewicz.com\/en\/o-mnie\/#breadcrumb"},"inLanguage":"en-US","potentialAction":[{"@type":"ReadAction","target":[["https:\/\/spinkiewicz.com\/en\/o-mnie\/"]]}]},{"@type":"ImageObject","inLanguage":"en-US","@id":"https:\/\/spinkiewicz.com\/en\/o-mnie\/#primaryimage","url":"http:\/\/spinkiewicz.com\/wp-content\/uploads\/2021\/03\/jerz.png","contentUrl":"http:\/\/spinkiewicz.com\/wp-content\/uploads\/2021\/03\/jerz.png"},{"@type":"BreadcrumbList","@id":"https:\/\/spinkiewicz.com\/en\/o-mnie\/#breadcrumb","itemListElement":[{"@type":"ListItem","position":1,"name":"Strona g\u0142\u00f3wna","item":"https:\/\/spinkiewicz.com\/en\/"},{"@type":"ListItem","position":2,"name":"O mnie \/ About me"}]},{"@type":"WebSite","@id":"https:\/\/spinkiewicz.com\/en\/#website","url":"https:\/\/spinkiewicz.com\/en\/","name":"Jerzy Spinkiewicz","description":"Driver in team Uniq Racing.","publisher":{"@id":"https:\/\/spinkiewicz.com\/en\/#\/schema\/person\/58d992a42f916fc4b0825a2b545f7406"},"potentialAction":[{"@type":"SearchAction","target":{"@type":"EntryPoint","urlTemplate":"https:\/\/spinkiewicz.com\/en\/?s={search_term_string}"},"query-input":{"@type":"PropertyValueSpecification","valueRequired":true,"valueName":"search_term_string"}}],"inLanguage":"en-US"},{"@type":["Person","Organization"],"@id":"https:\/\/spinkiewicz.com\/en\/#\/schema\/person\/58d992a42f916fc4b0825a2b545f7406","name":"jerzy","image":{"@type":"ImageObject","inLanguage":"en-US","@id":"https:\/\/spinkiewicz.com\/wp-content\/uploads\/2024\/02\/2024-jerzyb.jpg","url":"https:\/\/spinkiewicz.com\/wp-content\/uploads\/2024\/02\/2024-jerzyb.jpg","contentUrl":"https:\/\/spinkiewicz.com\/wp-content\/uploads\/2024\/02\/2024-jerzyb.jpg","width":1920,"height":1440,"caption":"jerzy"},"logo":{"@id":"https:\/\/spinkiewicz.com\/wp-content\/uploads\/2024\/02\/2024-jerzyb.jpg"},"sameAs":["https:\/\/spinkiewicz.com","https:\/\/www.facebook.com\/n3ko666\/","https:\/\/www.instagram.com\/j.spinkiewicz\/","https:\/\/www.youtube.com\/channel\/UCdEcZy7_gccWBXRjupakxag\/featured"]}]}},"jetpack_sharing_enabled":true,"_links":{"self":[{"href":"https:\/\/spinkiewicz.com\/en\/wp-json\/wp\/v2\/pages\/1358","targetHints":{"allow":["GET"]}}],"collection":[{"href":"https:\/\/spinkiewicz.com\/en\/wp-json\/wp\/v2\/pages"}],"about":[{"href":"https:\/\/spinkiewicz.com\/en\/wp-json\/wp\/v2\/types\/page"}],"author":[{"embeddable":true,"href":"https:\/\/spinkiewicz.com\/en\/wp-json\/wp\/v2\/users\/1"}],"replies":[{"embeddable":true,"href":"https:\/\/spinkiewicz.com\/en\/wp-json\/wp\/v2\/comments?post=1358"}],"version-history":[{"count":36,"href":"https:\/\/spinkiewicz.com\/en\/wp-json\/wp\/v2\/pages\/1358\/revisions"}],"predecessor-version":[{"id":3223,"href":"https:\/\/spinkiewicz.com\/en\/wp-json\/wp\/v2\/pages\/1358\/revisions\/3223"}],"wp:attachment":[{"href":"https:\/\/spinkiewicz.com\/en\/wp-json\/wp\/v2\/media?parent=1358"}],"curies":[{"name":"wp","href":"https:\/\/api.w.org\/{rel}","templated":true}]}}